{"id":454,"date":"2025-06-23T08:12:45","date_gmt":"2025-06-23T08:12:45","guid":{"rendered":"https:\/\/aslya-tradition.com\/?page_id=454"},"modified":"2025-06-23T08:12:45","modified_gmt":"2025-06-23T08:12:45","slug":"mentions-legales","status":"publish","type":"page","link":"https:\/\/aslya-tradition.com\/en\/mentions-legales\/","title":{"rendered":"Mentions l\u00e9gales"},"content":{"rendered":"<p><br>1. \u00c9diteur du site<br><br>Le pr\u00e9sent site est \u00e9dit\u00e9 par :<br>\u039b S L Y \u039b<br>Statut juridique : Auto-entreprise<br>Email de contact :\u00a0aslya.tradition@gmail.com<br>Responsable de la publication : \u039b S L Y \u039b<br><br>Cr\u00e9ation et design du site : AS DESIGN GRAPHICS <br><br>\u2e3b<br><br>2. H\u00e9bergeur du site<br><br>Le site est h\u00e9berg\u00e9 par :<br>IONOS SARL<br>7 place de la Gare<br>BP 70109<br>57201 Sarreguemines Cedex \u2013 France<br>T\u00e9l\u00e9phone : 0970 808 911 (appel non surtax\u00e9)<br><br>\u2e3b<br><br>3. Propri\u00e9t\u00e9 intellectuelle<br><br>Tous les contenus pr\u00e9sents sur le site www.aslya.com (textes, images, graphismes, logo, structure, etc.) sont la propri\u00e9t\u00e9 exclusive de \u039b S L Y \u039b, sauf indication contraire.<br>Toute reproduction, repr\u00e9sentation, diffusion ou utilisation, m\u00eame partielle, sans autorisation pr\u00e9alable \u00e9crite est strictement interdite.<br><br>\u2e3b<br><br>4. Responsabilit\u00e9<br><br>\u039b S L Y \u039b s\u2019engage \u00e0 fournir des informations aussi pr\u00e9cises que possible sur son site. Toutefois, elle ne peut \u00eatre tenue responsable des erreurs, omissions ou inexactitudes pr\u00e9sentes.<br>Le client est seul responsable du choix et de l\u2019achat des produits propos\u00e9s.<br><br>\u2e3b<br><br>5. Protection des donn\u00e9es personnelles<br><br>Les donn\u00e9es personnelles collect\u00e9es via le site sont trait\u00e9es de mani\u00e8re confidentielle et sont utilis\u00e9es exclusivement dans le cadre de la gestion des commandes, du service client et, le cas \u00e9ch\u00e9ant, de la newsletter.<br>Conform\u00e9ment \u00e0 la loi \u201cInformatique et Libert\u00e9s\u201d et au RGPD, vous disposez d\u2019un droit d\u2019acc\u00e8s, de modification, de rectification et de suppression de vos donn\u00e9es.<br>Vous pouvez exercer ce droit en \u00e9crivant \u00e0 :\u00a0aslya.tradition@gmail.com<br><br>\u2e3b<br><br>6. Cookies<br><br>Le site peut \u00eatre amen\u00e9 \u00e0 utiliser des cookies pour am\u00e9liorer l\u2019exp\u00e9rience utilisateur.<br>L\u2019utilisateur peut \u00e0 tout moment refuser les cookies en configurant son navigateur.<br><br>\u2e3b<br><br>7. Droit applicable<br><br>Le site est r\u00e9gi par le droit fran\u00e7ais. En cas de litige, les tribunaux fran\u00e7ais seront seuls comp\u00e9tents.<\/p>","protected":false},"excerpt":{"rendered":"<p>1. \u00c9diteur du site Le pr\u00e9sent site est \u00e9dit\u00e9 par :\u039b S L Y \u039bStatut juridique : Auto-entrepriseEmail de contact :\u00a0aslya.tradition@gmail.comResponsable de la publication : \u039b S L Y \u039b Cr\u00e9ation et design du site : AS DESIGN GRAPHICS \u2e3b 2. H\u00e9bergeur du site Le site est h\u00e9berg\u00e9 par :IONOS SARL7 place de la GareBP [&#8230;]\n","protected":false},"author":1,"featured_media":0,"parent":0,"menu_order":0,"comment_status":"closed","ping_status":"closed","template":"","meta":{"footnotes":""},"class_list":["post-454","page","type-page","status-publish","hentry"],"jetpack_sharing_enabled":true,"_links":{"self":[{"href":"https:\/\/aslya-tradition.com\/en\/wp-json\/wp\/v2\/pages\/454","targetHints":{"allow":["GET"]}}],"collection":[{"href":"https:\/\/aslya-tradition.com\/en\/wp-json\/wp\/v2\/pages"}],"about":[{"href":"https:\/\/aslya-tradition.com\/en\/wp-json\/wp\/v2\/types\/page"}],"author":[{"embeddable":true,"href":"https:\/\/aslya-tradition.com\/en\/wp-json\/wp\/v2\/users\/1"}],"replies":[{"embeddable":true,"href":"https:\/\/aslya-tradition.com\/en\/wp-json\/wp\/v2\/comments?post=454"}],"version-history":[{"count":1,"href":"https:\/\/aslya-tradition.com\/en\/wp-json\/wp\/v2\/pages\/454\/revisions"}],"predecessor-version":[{"id":455,"href":"https:\/\/aslya-tradition.com\/en\/wp-json\/wp\/v2\/pages\/454\/revisions\/455"}],"wp:attachment":[{"href":"https:\/\/aslya-tradition.com\/en\/wp-json\/wp\/v2\/media?parent=454"}],"curies":[{"name":"wp","href":"https:\/\/api.w.org\/{rel}","templated":true}]}}