{"id":524,"date":"2025-06-23T17:05:27","date_gmt":"2025-06-23T17:05:27","guid":{"rendered":"https:\/\/aslya-tradition.com\/?page_id=524"},"modified":"2025-06-23T17:05:27","modified_gmt":"2025-06-23T17:05:27","slug":"politique-de-retour","status":"publish","type":"page","link":"https:\/\/aslya-tradition.com\/en\/politique-de-retour\/","title":{"rendered":"Politique de retour"},"content":{"rendered":"<p>Politique de retour :<\/p>\n\n\n\n<div class=\"is-divider small\"><\/div>\n\n\n\n<p>Chez \u039bSLY\u039b, votre satisfaction est notre priorit\u00e9. Si un article ne vous convient pas, vous disposez d\u2019un d\u00e9lai de 14 jours \u00e0 compter de la r\u00e9ception pour demander un retour.<\/p>\n\n\n\n<div class=\"is-divider small\"><\/div>\n\n\n\n<p>Cependant, l\u2019article doit \u00eatre neuf, non port\u00e9, non lav\u00e9, avec ses \u00e9tiquettes d\u2019origine intactes. Les frais de retour sont \u00e0 la charge du client.<\/p>\n\n\n\n<div class=\"is-divider small\"><\/div>\n\n\n\n<p>Une fois le retour re\u00e7u et v\u00e9rifi\u00e9, nous proc\u00e9dons au remboursement sous 5 \u00e0 10 jours ouvr\u00e9s, via le mode de paiement d\u2019origine.<\/p>\n\n\n\n<div class=\"is-divider small\"><\/div>\n\n\n\n<p>Pour effectuer un retour :<\/p>\n\n\n\n<p>&nbsp; &nbsp; &nbsp; &nbsp; 1.&nbsp; &nbsp; &nbsp; Envoyez-nous un e-mail \u00e0 sav@aslya-tradition.com avec votre nom, num\u00e9ro de commande et motif du retour&nbsp;;<\/p>\n\n\n\n<p>&nbsp; &nbsp; &nbsp; &nbsp; 2.&nbsp; &nbsp; &nbsp; Vous recevrez par la suite la proc\u00e9dure en d\u00e9tail avec l\u2019adresse de retour et le formulaire \u00e0 glisser dans votre colis&nbsp;;<\/p>\n\n\n\n<p>&nbsp; &nbsp; &nbsp; &nbsp; 3.&nbsp; &nbsp; &nbsp; Envoyez l\u2019article dans un colis prot\u00e9g\u00e9, avec le num\u00e9ro de commande \u00e0 l\u2019int\u00e9rieur.<\/p>\n\n\n\n<p>\u26a0\ufe0f \u00c0 noter&nbsp;:&nbsp;<\/p>\n\n\n\n<ul class=\"wp-block-list\">\n<li>Les articles en promotion ou en fin de s\u00e9rie ne sont pas \u00e9ligibles au retour.<\/li>\n\n\n\n<li>Les frais de livraison initiaux ne sont pas rembours\u00e9s.<\/li>\n<\/ul>\n\n\n\n<p><\/p>","protected":false},"excerpt":{"rendered":"<p>Politique de retour : Chez \u039bSLY\u039b, votre satisfaction est notre priorit\u00e9. Si un article ne vous convient pas, vous disposez d\u2019un d\u00e9lai de 14 jours \u00e0 compter de la r\u00e9ception pour demander un retour. Cependant, l\u2019article doit \u00eatre neuf, non port\u00e9, non lav\u00e9, avec ses \u00e9tiquettes d\u2019origine intactes. Les frais de retour sont \u00e0 la [&#8230;]\n","protected":false},"author":1,"featured_media":0,"parent":0,"menu_order":0,"comment_status":"closed","ping_status":"closed","template":"","meta":{"footnotes":""},"class_list":["post-524","page","type-page","status-publish","hentry"],"jetpack_sharing_enabled":true,"_links":{"self":[{"href":"https:\/\/aslya-tradition.com\/en\/wp-json\/wp\/v2\/pages\/524","targetHints":{"allow":["GET"]}}],"collection":[{"href":"https:\/\/aslya-tradition.com\/en\/wp-json\/wp\/v2\/pages"}],"about":[{"href":"https:\/\/aslya-tradition.com\/en\/wp-json\/wp\/v2\/types\/page"}],"author":[{"embeddable":true,"href":"https:\/\/aslya-tradition.com\/en\/wp-json\/wp\/v2\/users\/1"}],"replies":[{"embeddable":true,"href":"https:\/\/aslya-tradition.com\/en\/wp-json\/wp\/v2\/comments?post=524"}],"version-history":[{"count":1,"href":"https:\/\/aslya-tradition.com\/en\/wp-json\/wp\/v2\/pages\/524\/revisions"}],"predecessor-version":[{"id":525,"href":"https:\/\/aslya-tradition.com\/en\/wp-json\/wp\/v2\/pages\/524\/revisions\/525"}],"wp:attachment":[{"href":"https:\/\/aslya-tradition.com\/en\/wp-json\/wp\/v2\/media?parent=524"}],"curies":[{"name":"wp","href":"https:\/\/api.w.org\/{rel}","templated":true}]}}