{"id":1098,"date":"2025-11-10T16:53:31","date_gmt":"2025-11-10T16:53:31","guid":{"rendered":"https:\/\/aslya-tradition.com\/?post_type=product&#038;p=1098"},"modified":"2026-02-09T20:25:44","modified_gmt":"2026-02-09T20:25:44","slug":"jellaba-aswad","status":"publish","type":"product","link":"https:\/\/aslya-tradition.com\/en\/product\/jellaba-aswad\/","title":{"rendered":"Jellaba Aswad"},"content":{"rendered":"<p>V\u00e9ritable symbole de l&rsquo;\u00e9l\u00e9gance marocaine, la jellaba demeure une pi\u00e8ce incontournable du dressing traditionnel. Cette robe brod\u00e9e \u00e0 capuche pointue se porte aussi bien au quotidien, que lors d&rsquo;occasions sp\u00e9ciales.<\/p>\n<p>Pour notre collection Fall\/ Winter, nous avons opt\u00e9 pour des jellabas en su\u00e9dine : doux et chaleureux rappelant le daim, mais plus facile d&rsquo;entretien.<\/p>\n<p>Laissez vous envelopper de douceur et de chaleur par notre Jellaba Aswad au tissu duveteux et l\u00e9g\u00e8rement extensible pour un confort parfait. La broderie ton sur ton vient rehausser l&rsquo;intensit\u00e9 du noir.<\/p>\n<p>Convient aux tailles M et L.<\/p>\n<p><strong>Conseils d&rsquo;entretien :<\/strong><\/p>\n<p>Lavage sur l\u2019envers \u00e0 30\u00b0.<\/p>\n<p>Repassage sur l\u2019envers \u00e0 temp\u00e9rature moyenne\/ basse.<\/p>\n<p>S\u00e8che linge interdit.<\/p>","protected":false},"excerpt":{"rendered":"<p>Jellaba noire en su\u00e9dine &#8211; broderie ton sur ton<\/p>","protected":false},"featured_media":1101,"comment_status":"open","ping_status":"closed","template":"","meta":[],"product_brand":[],"product_cat":[17,114],"product_tag":[],"class_list":{"0":"post-1098","1":"product","2":"type-product","3":"status-publish","4":"has-post-thumbnail","6":"product_cat-robes","7":"product_cat-collection-fall-winter","9":"first","10":"instock","11":"sold-individually","12":"taxable","13":"shipping-taxable","14":"purchasable","15":"product-type-simple"},"jetpack_sharing_enabled":true,"_links":{"self":[{"href":"https:\/\/aslya-tradition.com\/en\/wp-json\/wp\/v2\/product\/1098","targetHints":{"allow":["GET"]}}],"collection":[{"href":"https:\/\/aslya-tradition.com\/en\/wp-json\/wp\/v2\/product"}],"about":[{"href":"https:\/\/aslya-tradition.com\/en\/wp-json\/wp\/v2\/types\/product"}],"replies":[{"embeddable":true,"href":"https:\/\/aslya-tradition.com\/en\/wp-json\/wp\/v2\/comments?post=1098"}],"wp:featuredmedia":[{"embeddable":true,"href":"https:\/\/aslya-tradition.com\/en\/wp-json\/wp\/v2\/media\/1101"}],"wp:attachment":[{"href":"https:\/\/aslya-tradition.com\/en\/wp-json\/wp\/v2\/media?parent=1098"}],"wp:term":[{"taxonomy":"product_brand","embeddable":true,"href":"https:\/\/aslya-tradition.com\/en\/wp-json\/wp\/v2\/product_brand?post=1098"},{"taxonomy":"product_cat","embeddable":true,"href":"https:\/\/aslya-tradition.com\/en\/wp-json\/wp\/v2\/product_cat?post=1098"},{"taxonomy":"product_tag","embeddable":true,"href":"https:\/\/aslya-tradition.com\/en\/wp-json\/wp\/v2\/product_tag?post=1098"}],"curies":[{"name":"wp","href":"https:\/\/api.w.org\/{rel}","templated":true}]}}