{"id":1105,"date":"2025-11-10T17:24:09","date_gmt":"2025-11-10T17:24:09","guid":{"rendered":"https:\/\/aslya-tradition.com\/?post_type=product&#038;p=1105"},"modified":"2026-02-09T20:25:24","modified_gmt":"2026-02-09T20:25:24","slug":"robe-dinterieur","status":"publish","type":"product","link":"https:\/\/aslya-tradition.com\/en\/product\/robe-dinterieur\/","title":{"rendered":"Robe d&rsquo;int\u00e9rieur"},"content":{"rendered":"<p>Raffinement et confort s&rsquo;unissent dans cette robe d&rsquo;int\u00e9rieur brod\u00e9es aux fils dor\u00e9s. Les manches sont doubl\u00e9es de beige, mettant davantage en valeur les couleurs bordeaux et vert.<\/p>\n<p>Cette robe se porte longue et poss\u00e8de une coupe large qui ira aussi bien aux tailles L qu&rsquo;aux tailles XL et XXL.<\/p>\n<p><strong>Conseils d&rsquo;entretien :<\/strong><\/p>\n<p>Lavage n&rsquo;exc\u00e9dant pas 30<b>\u00b0<\/b>.<\/p>\n<p>Repassage \u00e0 temp\u00e9rature moyenne.<\/p>","protected":false},"excerpt":{"rendered":"<p>Robe d&rsquo;int\u00e9rieur &#8211; fils dor\u00e9s<\/p>","protected":false},"featured_media":1106,"comment_status":"open","ping_status":"closed","template":"","meta":[],"product_brand":[],"product_cat":[17,114],"product_tag":[],"class_list":{"0":"post-1105","1":"product","2":"type-product","3":"status-publish","4":"has-post-thumbnail","6":"product_cat-robes","7":"product_cat-collection-fall-winter","9":"first","10":"outofstock","11":"sold-individually","12":"taxable","13":"shipping-taxable","14":"purchasable","15":"product-type-variable"},"jetpack_sharing_enabled":true,"_links":{"self":[{"href":"https:\/\/aslya-tradition.com\/en\/wp-json\/wp\/v2\/product\/1105","targetHints":{"allow":["GET"]}}],"collection":[{"href":"https:\/\/aslya-tradition.com\/en\/wp-json\/wp\/v2\/product"}],"about":[{"href":"https:\/\/aslya-tradition.com\/en\/wp-json\/wp\/v2\/types\/product"}],"replies":[{"embeddable":true,"href":"https:\/\/aslya-tradition.com\/en\/wp-json\/wp\/v2\/comments?post=1105"}],"wp:featuredmedia":[{"embeddable":true,"href":"https:\/\/aslya-tradition.com\/en\/wp-json\/wp\/v2\/media\/1106"}],"wp:attachment":[{"href":"https:\/\/aslya-tradition.com\/en\/wp-json\/wp\/v2\/media?parent=1105"}],"wp:term":[{"taxonomy":"product_brand","embeddable":true,"href":"https:\/\/aslya-tradition.com\/en\/wp-json\/wp\/v2\/product_brand?post=1105"},{"taxonomy":"product_cat","embeddable":true,"href":"https:\/\/aslya-tradition.com\/en\/wp-json\/wp\/v2\/product_cat?post=1105"},{"taxonomy":"product_tag","embeddable":true,"href":"https:\/\/aslya-tradition.com\/en\/wp-json\/wp\/v2\/product_tag?post=1105"}],"curies":[{"name":"wp","href":"https:\/\/api.w.org\/{rel}","templated":true}]}}