{"id":328,"date":"2025-06-19T11:20:18","date_gmt":"2025-06-19T11:20:18","guid":{"rendered":"https:\/\/aslya-tradition.com\/?post_type=product&#038;p=328"},"modified":"2026-02-09T20:36:13","modified_gmt":"2026-02-09T20:36:13","slug":"caftan-orange","status":"publish","type":"product","link":"https:\/\/aslya-tradition.com\/en\/product\/caftan-orange\/","title":{"rendered":"Caftan Orange"},"content":{"rendered":"<div class=\"page\" title=\"Page 1\">\n<div class=\"section\">\n<div class=\"layoutArea\">\n<div class=\"column\">\n<p>Notre Caftan Orange en tissu Jawhara est orne\u0301 de bandes satine\u0301es ton sur ton, d&rsquo;une couleur orange \u00e9clatante. Son tissu fluide et lumineux vous conf\u00e9rera douceur et l\u00e9g\u00e8ret\u00e9.<\/p>\n<p>La ceinture Amira orange vient cintrer la tenue en y ajoutant une touche de modernit\u00e9.<\/p>\n<p>Our model measures 1m76.<\/p>\n<p>We recommend hand-washing or dry-cleaning.<\/p>\n<\/div>\n<\/div>\n<\/div>\n<\/div>","protected":false},"excerpt":{"rendered":"<p>Caftan Orange en tissu Jawhara<\/p>","protected":false},"featured_media":352,"comment_status":"open","ping_status":"closed","template":"","meta":[],"product_brand":[],"product_cat":[17,115],"product_tag":[],"class_list":{"0":"post-328","1":"product","2":"type-product","3":"status-publish","4":"has-post-thumbnail","6":"product_cat-robes","7":"product_cat-collection-eid","9":"first","10":"instock","11":"sold-individually","12":"taxable","13":"shipping-taxable","14":"purchasable","15":"product-type-simple"},"jetpack_sharing_enabled":true,"_links":{"self":[{"href":"https:\/\/aslya-tradition.com\/en\/wp-json\/wp\/v2\/product\/328","targetHints":{"allow":["GET"]}}],"collection":[{"href":"https:\/\/aslya-tradition.com\/en\/wp-json\/wp\/v2\/product"}],"about":[{"href":"https:\/\/aslya-tradition.com\/en\/wp-json\/wp\/v2\/types\/product"}],"replies":[{"embeddable":true,"href":"https:\/\/aslya-tradition.com\/en\/wp-json\/wp\/v2\/comments?post=328"}],"wp:featuredmedia":[{"embeddable":true,"href":"https:\/\/aslya-tradition.com\/en\/wp-json\/wp\/v2\/media\/352"}],"wp:attachment":[{"href":"https:\/\/aslya-tradition.com\/en\/wp-json\/wp\/v2\/media?parent=328"}],"wp:term":[{"taxonomy":"product_brand","embeddable":true,"href":"https:\/\/aslya-tradition.com\/en\/wp-json\/wp\/v2\/product_brand?post=328"},{"taxonomy":"product_cat","embeddable":true,"href":"https:\/\/aslya-tradition.com\/en\/wp-json\/wp\/v2\/product_cat?post=328"},{"taxonomy":"product_tag","embeddable":true,"href":"https:\/\/aslya-tradition.com\/en\/wp-json\/wp\/v2\/product_tag?post=328"}],"curies":[{"name":"wp","href":"https:\/\/api.w.org\/{rel}","templated":true}]}}