{"id":409,"date":"2025-06-22T09:02:26","date_gmt":"2025-06-22T09:02:26","guid":{"rendered":"https:\/\/aslya-tradition.com\/?post_type=product&#038;p=409"},"modified":"2026-03-25T16:30:26","modified_gmt":"2026-03-25T16:30:26","slug":"abaya-plume","status":"publish","type":"product","link":"https:\/\/aslya-tradition.com\/en\/product\/abaya-plume\/","title":{"rendered":"Kimono Plume"},"content":{"rendered":"<div class=\"page\" title=\"Page 2\">\n<div class=\"section\">\n<div class=\"layoutArea\">\n<div class=\"column\">\n<p>Re\u0301ve\u0301lez votre singularite\u0301 avec ce kimono unique au monde.<\/p>\n<p>Ce kimono \u00e0 plumes apportera du caract\u00e8re \u00e0 chacune de vos tenues.<\/p>\n<p>Les + :<\/p>\n<ul>\n<li>broderie discr\u00e8te<\/li>\n<li>velours sur les manches<\/li>\n<li>fentes de chaque co\u0302te\u0301<\/li>\n<li>pi\u00e8ce unique au monde.<\/li>\n<\/ul>\n<p>N.B.: Vendu sans ceinture &#8211; Tissu transparent<\/p>\n<p>Notre mannequin mesure 1m72.<\/p>\n<p>Nous vous conseillons un lavage d\u00e9licat n&rsquo;exc\u00e9dant pas 30\u00ba.<\/p>\n<\/div>\n<\/div>\n<\/div>\n<\/div>","protected":false},"excerpt":{"rendered":"<div class=\"page\" title=\"Page 2\">\n<div class=\"section\">\n<div class=\"layoutArea\">\n<div class=\"column\">\n<p>Kimono a\u0300 Plumes noir \u2013 pie\u0300ce unique.<\/p>\n<\/div>\n<\/div>\n<\/div>\n<\/div>","protected":false},"featured_media":358,"comment_status":"open","ping_status":"closed","template":"","meta":[],"product_brand":[],"product_cat":[115,89],"product_tag":[],"class_list":{"0":"post-409","1":"product","2":"type-product","3":"status-publish","4":"has-post-thumbnail","6":"product_cat-collection-eid","7":"product_cat-kimonos","9":"first","10":"outofstock","11":"taxable","12":"shipping-taxable","13":"purchasable","14":"product-type-simple"},"jetpack_sharing_enabled":true,"_links":{"self":[{"href":"https:\/\/aslya-tradition.com\/en\/wp-json\/wp\/v2\/product\/409","targetHints":{"allow":["GET"]}}],"collection":[{"href":"https:\/\/aslya-tradition.com\/en\/wp-json\/wp\/v2\/product"}],"about":[{"href":"https:\/\/aslya-tradition.com\/en\/wp-json\/wp\/v2\/types\/product"}],"replies":[{"embeddable":true,"href":"https:\/\/aslya-tradition.com\/en\/wp-json\/wp\/v2\/comments?post=409"}],"wp:featuredmedia":[{"embeddable":true,"href":"https:\/\/aslya-tradition.com\/en\/wp-json\/wp\/v2\/media\/358"}],"wp:attachment":[{"href":"https:\/\/aslya-tradition.com\/en\/wp-json\/wp\/v2\/media?parent=409"}],"wp:term":[{"taxonomy":"product_brand","embeddable":true,"href":"https:\/\/aslya-tradition.com\/en\/wp-json\/wp\/v2\/product_brand?post=409"},{"taxonomy":"product_cat","embeddable":true,"href":"https:\/\/aslya-tradition.com\/en\/wp-json\/wp\/v2\/product_cat?post=409"},{"taxonomy":"product_tag","embeddable":true,"href":"https:\/\/aslya-tradition.com\/en\/wp-json\/wp\/v2\/product_tag?post=409"}],"curies":[{"name":"wp","href":"https:\/\/api.w.org\/{rel}","templated":true}]}}