{"id":410,"date":"2025-06-22T09:09:56","date_gmt":"2025-06-22T09:09:56","guid":{"rendered":"https:\/\/aslya-tradition.com\/?post_type=product&#038;p=410"},"modified":"2026-02-09T20:34:22","modified_gmt":"2026-02-09T20:34:22","slug":"ensemble-wafa","status":"publish","type":"product","link":"https:\/\/aslya-tradition.com\/en\/product\/ensemble-wafa\/","title":{"rendered":"Ensemble Wafa"},"content":{"rendered":"<div class=\"page\" title=\"Page 2\">\n<div class=\"section\">\n<div class=\"layoutArea\">\n<div class=\"column\">\n<p>Optez pour notre ensemble Wafa compose\u0301 d\u2019une chemise satine\u0301e couleur cre\u0300me, d\u2019un pantalon et d\u2019une veste sans manches en velours bleu nuit. Broderie color\u00e9e sur la veste et le pantalon. Le pantalon est dot\u00e9 d&rsquo;un \u00e9lastique \u00e0 l&rsquo;arri\u00e8re afin de convenir aux tailles L et XL.<\/p>\n<p>Notre mannequin mesure 1m72.<br \/>\nLavage en machine \u00e0 30\u00b0.<\/p>\n<\/div>\n<\/div>\n<\/div>\n<\/div>","protected":false},"excerpt":{"rendered":"<div class=\"page\" title=\"Page 2\">\n<div class=\"section\">\n<div class=\"layoutArea\">\n<div class=\"column\">\n<p>Ensemble 3 pie\u0300ces : pantalon + chemise + veste<\/p>\n<\/div>\n<\/div>\n<\/div>\n<\/div>","protected":false},"featured_media":356,"comment_status":"open","ping_status":"closed","template":"","meta":[],"product_brand":[],"product_cat":[115,92],"product_tag":[],"class_list":{"0":"post-410","1":"product","2":"type-product","3":"status-publish","4":"has-post-thumbnail","6":"product_cat-collection-eid","7":"product_cat-ensembles","9":"first","10":"instock","11":"sold-individually","12":"taxable","13":"shipping-taxable","14":"purchasable","15":"product-type-simple"},"jetpack_sharing_enabled":true,"_links":{"self":[{"href":"https:\/\/aslya-tradition.com\/en\/wp-json\/wp\/v2\/product\/410","targetHints":{"allow":["GET"]}}],"collection":[{"href":"https:\/\/aslya-tradition.com\/en\/wp-json\/wp\/v2\/product"}],"about":[{"href":"https:\/\/aslya-tradition.com\/en\/wp-json\/wp\/v2\/types\/product"}],"replies":[{"embeddable":true,"href":"https:\/\/aslya-tradition.com\/en\/wp-json\/wp\/v2\/comments?post=410"}],"wp:featuredmedia":[{"embeddable":true,"href":"https:\/\/aslya-tradition.com\/en\/wp-json\/wp\/v2\/media\/356"}],"wp:attachment":[{"href":"https:\/\/aslya-tradition.com\/en\/wp-json\/wp\/v2\/media?parent=410"}],"wp:term":[{"taxonomy":"product_brand","embeddable":true,"href":"https:\/\/aslya-tradition.com\/en\/wp-json\/wp\/v2\/product_brand?post=410"},{"taxonomy":"product_cat","embeddable":true,"href":"https:\/\/aslya-tradition.com\/en\/wp-json\/wp\/v2\/product_cat?post=410"},{"taxonomy":"product_tag","embeddable":true,"href":"https:\/\/aslya-tradition.com\/en\/wp-json\/wp\/v2\/product_tag?post=410"}],"curies":[{"name":"wp","href":"https:\/\/api.w.org\/{rel}","templated":true}]}}