{"id":413,"date":"2025-06-22T09:20:49","date_gmt":"2025-06-22T09:20:49","guid":{"rendered":"https:\/\/aslya-tradition.com\/?post_type=product&#038;p=413"},"modified":"2026-01-07T20:57:28","modified_gmt":"2026-01-07T20:57:28","slug":"ceinture-amira","status":"publish","type":"product","link":"https:\/\/aslya-tradition.com\/en\/product\/ceinture-amira\/","title":{"rendered":"Amira belt"},"content":{"rendered":"<div class=\"page\" title=\"Page 3\">\n<div class=\"section\">\n<div class=\"layoutArea\">\n<div class=\"column\">\n<p>La ceinture qui fait toute la diff\u00e9rence : confortable, ajustable, et moderne.<\/p>\n<p>Agre\u0301mentez vos tenues gra\u0302ce a\u0300 nos ceintures Amira disponibles en divers coloris.<\/p>\n<p>La broche dor\u00e9e peut \u00eatre retir\u00e9e au besoin.<\/p>\n<p>&nbsp;<\/p>\n<\/div>\n<\/div>\n<\/div>\n<\/div>","protected":false},"excerpt":{"rendered":"<div class=\"page\" title=\"Page 3\">\n<div class=\"section\">\n<div class=\"layoutArea\">\n<div class=\"column\">\n<p>Ceinture ajustable<\/p>\n<\/div>\n<\/div>\n<\/div>\n<\/div>","protected":false},"featured_media":776,"comment_status":"open","ping_status":"closed","template":"","meta":[],"product_brand":[],"product_cat":[90,115],"product_tag":[],"class_list":{"0":"post-413","1":"product","2":"type-product","3":"status-publish","4":"has-post-thumbnail","6":"product_cat-accesoires","7":"product_cat-collection-eid","9":"first","10":"instock","11":"sale","12":"sold-individually","13":"taxable","14":"shipping-taxable","15":"purchasable","16":"product-type-variable"},"jetpack_sharing_enabled":true,"_links":{"self":[{"href":"https:\/\/aslya-tradition.com\/en\/wp-json\/wp\/v2\/product\/413","targetHints":{"allow":["GET"]}}],"collection":[{"href":"https:\/\/aslya-tradition.com\/en\/wp-json\/wp\/v2\/product"}],"about":[{"href":"https:\/\/aslya-tradition.com\/en\/wp-json\/wp\/v2\/types\/product"}],"replies":[{"embeddable":true,"href":"https:\/\/aslya-tradition.com\/en\/wp-json\/wp\/v2\/comments?post=413"}],"wp:featuredmedia":[{"embeddable":true,"href":"https:\/\/aslya-tradition.com\/en\/wp-json\/wp\/v2\/media\/776"}],"wp:attachment":[{"href":"https:\/\/aslya-tradition.com\/en\/wp-json\/wp\/v2\/media?parent=413"}],"wp:term":[{"taxonomy":"product_brand","embeddable":true,"href":"https:\/\/aslya-tradition.com\/en\/wp-json\/wp\/v2\/product_brand?post=413"},{"taxonomy":"product_cat","embeddable":true,"href":"https:\/\/aslya-tradition.com\/en\/wp-json\/wp\/v2\/product_cat?post=413"},{"taxonomy":"product_tag","embeddable":true,"href":"https:\/\/aslya-tradition.com\/en\/wp-json\/wp\/v2\/product_tag?post=413"}],"curies":[{"name":"wp","href":"https:\/\/api.w.org\/{rel}","templated":true}]}}