{"id":723,"date":"2025-07-17T20:15:44","date_gmt":"2025-07-17T20:15:44","guid":{"rendered":"https:\/\/aslya-tradition.com\/?post_type=product&#038;p=723"},"modified":"2026-01-07T12:26:28","modified_gmt":"2026-01-07T12:26:28","slug":"collier-amira","status":"publish","type":"product","link":"https:\/\/aslya-tradition.com\/en\/product\/collier-amira\/","title":{"rendered":"Amira necklace"},"content":{"rendered":"<p>Il suffit parfois d&rsquo;un accessoire pour rehausser votre tenue et affirmer votre style.<\/p>\n<p>D\u00e9couvrez notre collier Amira ras de cou r\u00e9glable, qui fera toute la diff\u00e9rence !<\/p>\n<p>Disponible en 6 coloris.<\/p>","protected":false},"excerpt":{"rendered":"<p>Collier ras de cou r\u00e9glable.<\/p>","protected":false},"featured_media":735,"comment_status":"open","ping_status":"closed","template":"","meta":[],"product_brand":[],"product_cat":[90,115],"product_tag":[],"class_list":{"0":"post-723","1":"product","2":"type-product","3":"status-publish","4":"has-post-thumbnail","6":"product_cat-accesoires","7":"product_cat-collection-eid","9":"first","10":"instock","11":"sale","12":"taxable","13":"shipping-taxable","14":"purchasable","15":"product-type-variable"},"jetpack_sharing_enabled":true,"_links":{"self":[{"href":"https:\/\/aslya-tradition.com\/en\/wp-json\/wp\/v2\/product\/723","targetHints":{"allow":["GET"]}}],"collection":[{"href":"https:\/\/aslya-tradition.com\/en\/wp-json\/wp\/v2\/product"}],"about":[{"href":"https:\/\/aslya-tradition.com\/en\/wp-json\/wp\/v2\/types\/product"}],"replies":[{"embeddable":true,"href":"https:\/\/aslya-tradition.com\/en\/wp-json\/wp\/v2\/comments?post=723"}],"wp:featuredmedia":[{"embeddable":true,"href":"https:\/\/aslya-tradition.com\/en\/wp-json\/wp\/v2\/media\/735"}],"wp:attachment":[{"href":"https:\/\/aslya-tradition.com\/en\/wp-json\/wp\/v2\/media?parent=723"}],"wp:term":[{"taxonomy":"product_brand","embeddable":true,"href":"https:\/\/aslya-tradition.com\/en\/wp-json\/wp\/v2\/product_brand?post=723"},{"taxonomy":"product_cat","embeddable":true,"href":"https:\/\/aslya-tradition.com\/en\/wp-json\/wp\/v2\/product_cat?post=723"},{"taxonomy":"product_tag","embeddable":true,"href":"https:\/\/aslya-tradition.com\/en\/wp-json\/wp\/v2\/product_tag?post=723"}],"curies":[{"name":"wp","href":"https:\/\/api.w.org\/{rel}","templated":true}]}}