{"id":742,"date":"2025-07-17T21:18:14","date_gmt":"2025-07-17T21:18:14","guid":{"rendered":"https:\/\/aslya-tradition.com\/?post_type=product&#038;p=742"},"modified":"2026-03-11T23:48:41","modified_gmt":"2026-03-11T23:48:41","slug":"kimono-coquelicot","status":"publish","type":"product","link":"https:\/\/aslya-tradition.com\/en\/product\/kimono-coquelicot\/","title":{"rendered":"Poppy Kimono"},"content":{"rendered":"<div class=\"u-text-wrap\">\n<div><span class=\"web_ui__Text__text web_ui__Text__body web_ui__Text__left web_ui__Text__format\">Rouge, comme l&rsquo;amour et la passion&#8230; Laissez vous tenter par notre Kimono Coquelicot et ses manches \u00e0 liser\u00e9s paillet\u00e9s. Sans motifs ni broderies, juste du rouge et des paillettes.<\/span><\/div>\n<div><\/div>\n<div><span class=\"web_ui__Text__text web_ui__Text__body web_ui__Text__left web_ui__Text__format\">Comme dirait Cristina C\u00f3rdula : \u00ab\u00a0Le rouge, \u00e7a va \u00e0 tout le monde\u00a0\u00bb mais les nuances sont \u00e0 prendre en compte. Cette teinte convient aux peaux avec des sous-tons chauds, ainsi, il mettra en valeur les teints h\u00e2l\u00e9s de l&rsquo;\u00e9t\u00e9.<\/span><\/div>\n<div><\/div>\n<div>We recommend washing at 30\u00b0.<\/div>\n<div><\/div>\n<\/div>","protected":false},"excerpt":{"rendered":"<p>Red poppy kimono<\/p>","protected":false},"featured_media":743,"comment_status":"open","ping_status":"closed","template":"","meta":[],"product_brand":[],"product_cat":[110,89],"product_tag":[],"class_list":{"0":"post-742","1":"product","2":"type-product","3":"status-publish","4":"has-post-thumbnail","6":"product_cat-collection-alwan","7":"product_cat-kimonos","9":"first","10":"outofstock","11":"sold-individually","12":"taxable","13":"shipping-taxable","14":"purchasable","15":"product-type-simple"},"jetpack_sharing_enabled":true,"_links":{"self":[{"href":"https:\/\/aslya-tradition.com\/en\/wp-json\/wp\/v2\/product\/742","targetHints":{"allow":["GET"]}}],"collection":[{"href":"https:\/\/aslya-tradition.com\/en\/wp-json\/wp\/v2\/product"}],"about":[{"href":"https:\/\/aslya-tradition.com\/en\/wp-json\/wp\/v2\/types\/product"}],"replies":[{"embeddable":true,"href":"https:\/\/aslya-tradition.com\/en\/wp-json\/wp\/v2\/comments?post=742"}],"wp:featuredmedia":[{"embeddable":true,"href":"https:\/\/aslya-tradition.com\/en\/wp-json\/wp\/v2\/media\/743"}],"wp:attachment":[{"href":"https:\/\/aslya-tradition.com\/en\/wp-json\/wp\/v2\/media?parent=742"}],"wp:term":[{"taxonomy":"product_brand","embeddable":true,"href":"https:\/\/aslya-tradition.com\/en\/wp-json\/wp\/v2\/product_brand?post=742"},{"taxonomy":"product_cat","embeddable":true,"href":"https:\/\/aslya-tradition.com\/en\/wp-json\/wp\/v2\/product_cat?post=742"},{"taxonomy":"product_tag","embeddable":true,"href":"https:\/\/aslya-tradition.com\/en\/wp-json\/wp\/v2\/product_tag?post=742"}],"curies":[{"name":"wp","href":"https:\/\/api.w.org\/{rel}","templated":true}]}}