{"id":760,"date":"2025-07-17T22:31:37","date_gmt":"2025-07-17T22:31:37","guid":{"rendered":"https:\/\/aslya-tradition.com\/?post_type=product&#038;p=760"},"modified":"2026-02-09T20:32:07","modified_gmt":"2026-02-09T20:32:07","slug":"kimono-ciel","status":"publish","type":"product","link":"https:\/\/aslya-tradition.com\/en\/product\/kimono-ciel\/","title":{"rendered":"Kimono Ciel"},"content":{"rendered":"<p>Un kimono qui se porte court, pour parer vos tenues habituelles.<\/p>\n<p>Un bleu ciel frais et des broderies dor\u00e9es sur le buste et les manches.<\/p>\n<p>Un tissu frais et l\u00e9ger id\u00e9al pour l&rsquo;\u00e9t\u00e9.<\/p>\n<p>Notre Kimono Ciel habillera vos tenues en toute l\u00e9g\u00e8ret\u00e9 !<\/p>\n<p>We recommend washing at 30\u00b0.<\/p>","protected":false},"excerpt":{"rendered":"<p>Sky blue embroidered kimono<\/p>","protected":false},"featured_media":761,"comment_status":"open","ping_status":"closed","template":"","meta":[],"product_brand":[],"product_cat":[110,89],"product_tag":[],"class_list":{"0":"post-760","1":"product","2":"type-product","3":"status-publish","4":"has-post-thumbnail","6":"product_cat-collection-alwan","7":"product_cat-kimonos","9":"first","10":"instock","11":"sold-individually","12":"taxable","13":"shipping-taxable","14":"purchasable","15":"product-type-simple"},"jetpack_sharing_enabled":true,"_links":{"self":[{"href":"https:\/\/aslya-tradition.com\/en\/wp-json\/wp\/v2\/product\/760","targetHints":{"allow":["GET"]}}],"collection":[{"href":"https:\/\/aslya-tradition.com\/en\/wp-json\/wp\/v2\/product"}],"about":[{"href":"https:\/\/aslya-tradition.com\/en\/wp-json\/wp\/v2\/types\/product"}],"replies":[{"embeddable":true,"href":"https:\/\/aslya-tradition.com\/en\/wp-json\/wp\/v2\/comments?post=760"}],"wp:featuredmedia":[{"embeddable":true,"href":"https:\/\/aslya-tradition.com\/en\/wp-json\/wp\/v2\/media\/761"}],"wp:attachment":[{"href":"https:\/\/aslya-tradition.com\/en\/wp-json\/wp\/v2\/media?parent=760"}],"wp:term":[{"taxonomy":"product_brand","embeddable":true,"href":"https:\/\/aslya-tradition.com\/en\/wp-json\/wp\/v2\/product_brand?post=760"},{"taxonomy":"product_cat","embeddable":true,"href":"https:\/\/aslya-tradition.com\/en\/wp-json\/wp\/v2\/product_cat?post=760"},{"taxonomy":"product_tag","embeddable":true,"href":"https:\/\/aslya-tradition.com\/en\/wp-json\/wp\/v2\/product_tag?post=760"}],"curies":[{"name":"wp","href":"https:\/\/api.w.org\/{rel}","templated":true}]}}