{"id":786,"date":"2025-07-18T21:43:15","date_gmt":"2025-07-18T21:43:15","guid":{"rendered":"https:\/\/aslya-tradition.com\/?post_type=product&#038;p=786"},"modified":"2026-02-09T20:31:55","modified_gmt":"2026-02-09T20:31:55","slug":"jellaba-aslya","status":"publish","type":"product","link":"https:\/\/aslya-tradition.com\/en\/product\/jellaba-aslya\/","title":{"rendered":"Jellaba Aslya"},"content":{"rendered":"<p>La jellaba : l&rsquo;incontournable des tenues marocaines traditionnelles. Cette longue robe \u00e0 capuche pointue se porte large, et id\u00e9alement avec des babouches.<\/p>\n<p>La Jellaba Aslya : notre coup de c\u0153ur de la collection ALWAN ! Elle est orn\u00e9e de broderie sur le buste et les manches. De l\u00e9g\u00e8res fentes sur chaque c\u00f4t\u00e9 pour faciliter le mouvement. Son tissu opaque et r\u00e9sistant poss\u00e8de un tomb\u00e9 fluide. Une tenue qui fait tout de suite son effet avec sa couleur vert pomme !<\/p>\n<p>Taille L<\/p>\n<p>We recommend washing at 30\u00b0.<\/p>\n<p>&nbsp;<\/p>","protected":false},"excerpt":{"rendered":"<p>Apple green Jellaba<\/p>","protected":false},"featured_media":787,"comment_status":"open","ping_status":"closed","template":"","meta":[],"product_brand":[],"product_cat":[110,17],"product_tag":[],"class_list":{"0":"post-786","1":"product","2":"type-product","3":"status-publish","4":"has-post-thumbnail","6":"product_cat-collection-alwan","7":"product_cat-robes","9":"first","10":"instock","11":"sold-individually","12":"taxable","13":"shipping-taxable","14":"purchasable","15":"product-type-simple"},"jetpack_sharing_enabled":true,"_links":{"self":[{"href":"https:\/\/aslya-tradition.com\/en\/wp-json\/wp\/v2\/product\/786","targetHints":{"allow":["GET"]}}],"collection":[{"href":"https:\/\/aslya-tradition.com\/en\/wp-json\/wp\/v2\/product"}],"about":[{"href":"https:\/\/aslya-tradition.com\/en\/wp-json\/wp\/v2\/types\/product"}],"replies":[{"embeddable":true,"href":"https:\/\/aslya-tradition.com\/en\/wp-json\/wp\/v2\/comments?post=786"}],"wp:featuredmedia":[{"embeddable":true,"href":"https:\/\/aslya-tradition.com\/en\/wp-json\/wp\/v2\/media\/787"}],"wp:attachment":[{"href":"https:\/\/aslya-tradition.com\/en\/wp-json\/wp\/v2\/media?parent=786"}],"wp:term":[{"taxonomy":"product_brand","embeddable":true,"href":"https:\/\/aslya-tradition.com\/en\/wp-json\/wp\/v2\/product_brand?post=786"},{"taxonomy":"product_cat","embeddable":true,"href":"https:\/\/aslya-tradition.com\/en\/wp-json\/wp\/v2\/product_cat?post=786"},{"taxonomy":"product_tag","embeddable":true,"href":"https:\/\/aslya-tradition.com\/en\/wp-json\/wp\/v2\/product_tag?post=786"}],"curies":[{"name":"wp","href":"https:\/\/api.w.org\/{rel}","templated":true}]}}