{"id":792,"date":"2025-07-19T00:57:30","date_gmt":"2025-07-19T00:57:30","guid":{"rendered":"https:\/\/aslya-tradition.com\/?post_type=product&#038;p=792"},"modified":"2026-01-10T18:39:46","modified_gmt":"2026-01-10T18:39:46","slug":"gandora-chic","status":"publish","type":"product","link":"https:\/\/aslya-tradition.com\/en\/product\/gandora-chic\/","title":{"rendered":"Gandora Chic"},"content":{"rendered":"<p>La gandora est une robe d&rsquo;int\u00e9rieur ample qui allie \u00e9l\u00e9gance et confort. Pour les occasions, une version chic existe avec des broderies plus travaill\u00e9es.<\/p>\n<p>Notre Gandora Chic est adapt\u00e9e aussi bien pour vos \u00e9v\u00e9nements, que pour recevoir vos invit\u00e9s avec modestie et raffinement. Dot\u00e9e d\u2019une coupe tr\u00e8s large, elle convient parfaitement aux grandes tailles.<\/p>\n<p>Avec sa coupe papillon, vous serez aussi confortable qu\u2019\u00e9l\u00e9gante.<\/p>\n<p>Tissu r\u00e9sistant et opaque, rehauss\u00e9 par des liser\u00e9es paillet\u00e9es.<\/p>\n<p>Notre mannequin mesure 1m70 et porte habituellement du 44.<\/p>\n<p>We recommend washing at 30\u00b0.<\/p>","protected":false},"excerpt":{"rendered":"<p>Gandora Chic with glitter trim<\/p>","protected":false},"featured_media":809,"comment_status":"open","ping_status":"closed","template":"","meta":[],"product_brand":[],"product_cat":[110,17],"product_tag":[],"class_list":{"0":"post-792","1":"product","2":"type-product","3":"status-publish","4":"has-post-thumbnail","6":"product_cat-collection-alwan","7":"product_cat-robes","9":"first","10":"outofstock","11":"sale","12":"sold-individually","13":"taxable","14":"shipping-taxable","15":"purchasable","16":"product-type-variable"},"jetpack_sharing_enabled":true,"_links":{"self":[{"href":"https:\/\/aslya-tradition.com\/en\/wp-json\/wp\/v2\/product\/792","targetHints":{"allow":["GET"]}}],"collection":[{"href":"https:\/\/aslya-tradition.com\/en\/wp-json\/wp\/v2\/product"}],"about":[{"href":"https:\/\/aslya-tradition.com\/en\/wp-json\/wp\/v2\/types\/product"}],"replies":[{"embeddable":true,"href":"https:\/\/aslya-tradition.com\/en\/wp-json\/wp\/v2\/comments?post=792"}],"wp:featuredmedia":[{"embeddable":true,"href":"https:\/\/aslya-tradition.com\/en\/wp-json\/wp\/v2\/media\/809"}],"wp:attachment":[{"href":"https:\/\/aslya-tradition.com\/en\/wp-json\/wp\/v2\/media?parent=792"}],"wp:term":[{"taxonomy":"product_brand","embeddable":true,"href":"https:\/\/aslya-tradition.com\/en\/wp-json\/wp\/v2\/product_brand?post=792"},{"taxonomy":"product_cat","embeddable":true,"href":"https:\/\/aslya-tradition.com\/en\/wp-json\/wp\/v2\/product_cat?post=792"},{"taxonomy":"product_tag","embeddable":true,"href":"https:\/\/aslya-tradition.com\/en\/wp-json\/wp\/v2\/product_tag?post=792"}],"curies":[{"name":"wp","href":"https:\/\/api.w.org\/{rel}","templated":true}]}}