{"id":827,"date":"2025-07-19T02:08:43","date_gmt":"2025-07-19T02:08:43","guid":{"rendered":"https:\/\/aslya-tradition.com\/?post_type=product&#038;p=827"},"modified":"2026-02-09T20:31:36","modified_gmt":"2026-02-09T20:31:36","slug":"caftan-rafinity","status":"publish","type":"product","link":"https:\/\/aslya-tradition.com\/en\/product\/caftan-rafinity\/","title":{"rendered":"Caftan Rafinity"},"content":{"rendered":"<p>Longtemps associ\u00e9 \u00e0 la royaut\u00e9 et \u00e0 la noblesse, le caftan marocain est la tenue traditionnelle par excellence. C&rsquo;est une robe longue et ample souvent accompagn\u00e9e d&rsquo;une ceinture, mais pas toujours.<\/p>\n<p>Notre Caftan Rafinity est ajust\u00e9 de sorte \u00e0 se porter sans ceinture. Alliant le beldi et la modestie, cette robe traditionnelle brod\u00e9e est une tenue cam\u00e9l\u00e9on : tenue quotidienne ou tenue festive, \u00e0 vous de choisir !<\/p>\n<p>Les photos ont \u00e9t\u00e9 prises en int\u00e9rieur et en ext\u00e9rieur afin de garantir une couleur la plus r\u00e9aliste possible.<\/p>\n<p>Notre mannequin mesure 1m65 et porte habituellement du M.<\/p>\n<p>Disponible en bleu ciel, vert d&rsquo;eau, vert bouteille et noir.<\/p>\n<p>We recommend delicate washing at no more than 30\u00b0.<\/p>","protected":false},"excerpt":{"rendered":"<p>Sober caftan - without belt<\/p>","protected":false},"featured_media":1083,"comment_status":"open","ping_status":"closed","template":"","meta":[],"product_brand":[],"product_cat":[110,17],"product_tag":[],"class_list":{"0":"post-827","1":"product","2":"type-product","3":"status-publish","4":"has-post-thumbnail","6":"product_cat-collection-alwan","7":"product_cat-robes","9":"first","10":"instock","11":"sold-individually","12":"taxable","13":"shipping-taxable","14":"purchasable","15":"product-type-variable"},"jetpack_sharing_enabled":true,"_links":{"self":[{"href":"https:\/\/aslya-tradition.com\/en\/wp-json\/wp\/v2\/product\/827","targetHints":{"allow":["GET"]}}],"collection":[{"href":"https:\/\/aslya-tradition.com\/en\/wp-json\/wp\/v2\/product"}],"about":[{"href":"https:\/\/aslya-tradition.com\/en\/wp-json\/wp\/v2\/types\/product"}],"replies":[{"embeddable":true,"href":"https:\/\/aslya-tradition.com\/en\/wp-json\/wp\/v2\/comments?post=827"}],"wp:featuredmedia":[{"embeddable":true,"href":"https:\/\/aslya-tradition.com\/en\/wp-json\/wp\/v2\/media\/1083"}],"wp:attachment":[{"href":"https:\/\/aslya-tradition.com\/en\/wp-json\/wp\/v2\/media?parent=827"}],"wp:term":[{"taxonomy":"product_brand","embeddable":true,"href":"https:\/\/aslya-tradition.com\/en\/wp-json\/wp\/v2\/product_brand?post=827"},{"taxonomy":"product_cat","embeddable":true,"href":"https:\/\/aslya-tradition.com\/en\/wp-json\/wp\/v2\/product_cat?post=827"},{"taxonomy":"product_tag","embeddable":true,"href":"https:\/\/aslya-tradition.com\/en\/wp-json\/wp\/v2\/product_tag?post=827"}],"curies":[{"name":"wp","href":"https:\/\/api.w.org\/{rel}","templated":true}]}}