{"id":859,"date":"2025-07-19T23:32:53","date_gmt":"2025-07-19T23:32:53","guid":{"rendered":"https:\/\/aslya-tradition.com\/?post_type=product&#038;p=859"},"modified":"2026-03-19T00:03:21","modified_gmt":"2026-03-19T00:03:21","slug":"robe-nabila","status":"publish","type":"product","link":"https:\/\/aslya-tradition.com\/en\/product\/robe-nabila\/","title":{"rendered":"Nabila dress"},"content":{"rendered":"<p>UPDATE : Nous vous pr\u00e9sentons nos plus sinc\u00e8res excuses\u2026<\/p>\n<p>Le tissu, ou plut\u00f4t la mati\u00e8re utilis\u00e9e pour la robe Nabila, n\u2019est pas de la cr\u00eape de soie. Il s\u2019agit d\u2019un tissu cr\u00eape Rosa premium, plus qualitatif que le cr\u00eape Nida. Sa texture est lisse et brillante, et donne visuellement l\u2019effet \u00ab&nbsp;soie&nbsp;\u00bb.<\/p>\n<p>Cette erreur nous servira de le\u00e7on par la suite. Cependant, nous rectifions le prix au d\u00e9triment de nos int\u00e9r\u00eats afin de vous proposer cette pi\u00e8ce \u00e0 juste prix.<\/p>\n<p>Nabila is an Arabic first name that refers to nobility. It refers to a distinguished woman of unparalleled presence. We've given this name to the flagship piece in our ALWAN collection: a dress that represents her to perfection.<\/p>\n<p>Our Nabila dress will give you the allure of a duchess, in all modesty, as always.<\/p>\n<p>It consists of two rooms:<\/p>\n<ul>\n<li>a sleeveless underdress with high collar and slight slits at the bottom of the dress for added comfort<\/li>\n<li>an open top with long sleeves embroidered at the ends.<\/li>\n<\/ul>\n<p>Son tissu en cr\u00eape Rosa premium vous conf\u00e8rera l\u00e9g\u00e8ret\u00e9 et brillance. En plus d\u2019\u00eatre a\u00e9rien, ce tissu vous garantit une opacit\u00e9 et une durabilit\u00e9 implacable.<\/p>\n<p>Available in lavender blue, powder pink, terracotta, fir green and black.<\/p>\n<p>We recommend delicate washing at no more than 30\u00b0.<\/p>","protected":false},"excerpt":{"rendered":"<p>Flagship model from the ALWAN collection - 2-piece dress in silk crepe<\/p>","protected":false},"featured_media":860,"comment_status":"open","ping_status":"closed","template":"","meta":[],"product_brand":[],"product_cat":[110,17],"product_tag":[],"class_list":{"0":"post-859","1":"product","2":"type-product","3":"status-publish","4":"has-post-thumbnail","6":"product_cat-collection-alwan","7":"product_cat-robes","9":"first","10":"instock","11":"taxable","12":"shipping-taxable","13":"purchasable","14":"product-type-variable"},"jetpack_sharing_enabled":true,"_links":{"self":[{"href":"https:\/\/aslya-tradition.com\/en\/wp-json\/wp\/v2\/product\/859","targetHints":{"allow":["GET"]}}],"collection":[{"href":"https:\/\/aslya-tradition.com\/en\/wp-json\/wp\/v2\/product"}],"about":[{"href":"https:\/\/aslya-tradition.com\/en\/wp-json\/wp\/v2\/types\/product"}],"replies":[{"embeddable":true,"href":"https:\/\/aslya-tradition.com\/en\/wp-json\/wp\/v2\/comments?post=859"}],"wp:featuredmedia":[{"embeddable":true,"href":"https:\/\/aslya-tradition.com\/en\/wp-json\/wp\/v2\/media\/860"}],"wp:attachment":[{"href":"https:\/\/aslya-tradition.com\/en\/wp-json\/wp\/v2\/media?parent=859"}],"wp:term":[{"taxonomy":"product_brand","embeddable":true,"href":"https:\/\/aslya-tradition.com\/en\/wp-json\/wp\/v2\/product_brand?post=859"},{"taxonomy":"product_cat","embeddable":true,"href":"https:\/\/aslya-tradition.com\/en\/wp-json\/wp\/v2\/product_cat?post=859"},{"taxonomy":"product_tag","embeddable":true,"href":"https:\/\/aslya-tradition.com\/en\/wp-json\/wp\/v2\/product_tag?post=859"}],"curies":[{"name":"wp","href":"https:\/\/api.w.org\/{rel}","templated":true}]}}